{"id":7567,"date":"2022-11-16T11:21:07","date_gmt":"2022-11-16T10:21:07","guid":{"rendered":"https:\/\/bestlocalguide.app\/como-funciona-nuestra-app-best-local-guide\/"},"modified":"2022-11-29T07:51:23","modified_gmt":"2022-11-29T06:51:23","slug":"como-funciona","status":"publish","type":"page","link":"https:\/\/bestlocalguide.app\/es\/como-funciona\/","title":{"rendered":"C\u00f3mo funciona nuestra app Best Local Guide"},"content":{"rendered":"\t\t<div data-elementor-type=\"wp-page\" data-elementor-id=\"7567\" class=\"elementor elementor-7567 elementor-7200\" data-elementor-post-type=\"page\">\n\t\t\t\t\t\t<section class=\"elementor-section elementor-top-section elementor-element elementor-element-9e80c35 tm-column-break-ipad-yes elementor-section-stretched tm-col-stretched-none elementor-section-boxed elementor-section-height-default elementor-section-height-default\" data-id=\"9e80c35\" data-element_type=\"section\" data-e-type=\"section\" data-settings=\"{&quot;stretch_section&quot;:&quot;section-stretched&quot;}\">\n\t\t\t\t\t\t<div class=\"elementor-container elementor-column-gap-no\">\n\t\t\t\t\t<div class=\"elementor-column elementor-col-100 elementor-top-column elementor-element elementor-element-1b3d1df\" data-id=\"1b3d1df\" data-element_type=\"column\" data-e-type=\"column\">\n\t\t\t<div class=\"elementor-widget-wrap elementor-element-populated\">\n\t\t\t\t\t\t<section class=\"elementor-section elementor-inner-section elementor-element elementor-element-b60daa6 elementor-section-full_width tm-column-break-ipad-no tm-col-stretched-none elementor-section-height-default elementor-section-height-default\" data-id=\"b60daa6\" data-element_type=\"section\" data-e-type=\"section\">\n\t\t\t\t\t\t<div class=\"elementor-container elementor-column-gap-no\">\n\t\t\t\t\t<div class=\"elementor-column elementor-col-100 elementor-inner-column elementor-element elementor-element-43638fd\" data-id=\"43638fd\" data-element_type=\"column\" data-e-type=\"column\">\n\t\t\t<div class=\"elementor-widget-wrap elementor-element-populated\">\n\t\t\t\t\t\t<div class=\"elementor-element elementor-element-7143f10 tm-align-center elementor-widget elementor-widget-tm_heading\" data-id=\"7143f10\" data-element_type=\"widget\" data-e-type=\"widget\" data-widget_type=\"tm_heading.default\">\n\t\t\t\t<div class=\"elementor-widget-container\">\n\t\t\t\t\t<div class=\"tm-element-heading-content-wrapper center-align  tm-seperator-none tm-content-with-desc tm-heading-style-vertical \"><div class=\"tm-content-header\"><h2 class=\"tm-element-content-heading\">\n\t\t\t\tC\u00f3mo se usa la app Best local guide\n\t\t\t<\/h2>\n\t\t<h3 class=\"tm-element-subhead\">\n\t\t\t\tEs muy intuitiva\n\t\t\t<\/h3>\n\t\t<\/div><div class=\"tm-element-content-desctxt\">Nuestra aplicaci\u00f3n de audiogu\u00eda es muy f\u00e1cil de usar, con un funcionamiento muy intuitivo para facilitarte las cosas.\nS\u00f3lo tienes que descarg\u00e1rtela desde tu appstore, comprar el recorrido que elijas y empezar a disfrutarlo.<\/div><\/div>\t\t\t\t<\/div>\n\t\t\t\t<\/div>\n\t\t\t\t\t<\/div>\n\t\t<\/div>\n\t\t\t\t\t<\/div>\n\t\t<\/section>\n\t\t\t\t\t<\/div>\n\t\t<\/div>\n\t\t\t\t\t<\/div>\n\t\t<\/section>\n\t\t\t\t<section class=\"elementor-section elementor-top-section elementor-element elementor-element-3b0b041 tm-column-break-ipad-no tm-col-stretched-none elementor-section-boxed elementor-section-height-default elementor-section-height-default\" data-id=\"3b0b041\" data-element_type=\"section\" data-e-type=\"section\">\n\t\t\t\t\t\t<div class=\"elementor-container elementor-column-gap-default\">\n\t\t\t\t\t<div class=\"elementor-column elementor-col-50 elementor-top-column elementor-element elementor-element-bc1d122\" data-id=\"bc1d122\" data-element_type=\"column\" data-e-type=\"column\">\n\t\t\t<div class=\"elementor-widget-wrap elementor-element-populated\">\n\t\t\t\t\t\t<div class=\"elementor-element elementor-element-bba6046 elementor-widget elementor-widget-image\" data-id=\"bba6046\" data-element_type=\"widget\" data-e-type=\"widget\" data-widget_type=\"image.default\">\n\t\t\t\t<div class=\"elementor-widget-container\">\n\t\t\t\t\t\t\t\t\t\t\t\t\t\t\t<img decoding=\"async\" src=\"https:\/\/bestlocalguide.app\/wp-content\/uploads\/elementor\/thumbs\/select-your-destination-app-pxswxzuxwla5irtrkg74z1vqaagqsc38ca27xx0m3w.jpg\" title=\"Select your destination\" alt=\"Select your destination\" loading=\"lazy\" \/>\t\t\t\t\t\t\t\t\t\t\t\t\t\t\t<\/div>\n\t\t\t\t<\/div>\n\t\t\t\t\t<\/div>\n\t\t<\/div>\n\t\t\t\t<div class=\"elementor-column elementor-col-50 elementor-top-column elementor-element elementor-element-264124f\" data-id=\"264124f\" data-element_type=\"column\" data-e-type=\"column\">\n\t\t\t<div class=\"elementor-widget-wrap elementor-element-populated\">\n\t\t\t\t\t\t<div class=\"elementor-element elementor-element-d23b4d6 tm-align-center elementor-widget elementor-widget-tm_heading\" data-id=\"d23b4d6\" data-element_type=\"widget\" data-e-type=\"widget\" data-widget_type=\"tm_heading.default\">\n\t\t\t\t<div class=\"elementor-widget-container\">\n\t\t\t\t\t<div class=\"tm-element-heading-content-wrapper center-align  tm-seperator-none tm-content-with-desc tm-heading-style-vertical \"><div class=\"tm-content-header\"><h2 class=\"tm-element-content-heading\">\n\t\t\t\tElige tu destino\n\t\t\t<\/h2>\n\t\t<h3 class=\"tm-element-subhead\">\n\t\t\t\tPor ejemplo, Irlanda\n\t\t\t<\/h3>\n\t\t<\/div><div class=\"tm-element-content-desctxt\">Lo primero que debes hacer es saber el destino al que quieres viajar. Por ejemplo, si quieres visitar Irlanda, debes introducir Irlanda Best Local Guide en el buscador de la appstore y aparecer\u00e1 nuestra gu\u00eda de aplicaciones.<\/div><\/div>\t\t\t\t<\/div>\n\t\t\t\t<\/div>\n\t\t\t\t\t<\/div>\n\t\t<\/div>\n\t\t\t\t\t<\/div>\n\t\t<\/section>\n\t\t\t\t<section class=\"elementor-section elementor-top-section elementor-element elementor-element-83fee31 elementor-reverse-tablet elementor-reverse-mobile tm-column-break-ipad-no tm-col-stretched-none elementor-section-boxed elementor-section-height-default elementor-section-height-default\" data-id=\"83fee31\" data-element_type=\"section\" data-e-type=\"section\">\n\t\t\t\t\t\t<div class=\"elementor-container elementor-column-gap-default\">\n\t\t\t\t\t<div class=\"elementor-column elementor-col-50 elementor-top-column elementor-element elementor-element-78cfc28\" data-id=\"78cfc28\" data-element_type=\"column\" data-e-type=\"column\">\n\t\t\t<div class=\"elementor-widget-wrap elementor-element-populated\">\n\t\t\t\t\t\t<div class=\"elementor-element elementor-element-3e973d8 tm-align-center elementor-widget elementor-widget-tm_heading\" data-id=\"3e973d8\" data-element_type=\"widget\" data-e-type=\"widget\" data-widget_type=\"tm_heading.default\">\n\t\t\t\t<div class=\"elementor-widget-container\">\n\t\t\t\t\t<div class=\"tm-element-heading-content-wrapper center-align  tm-seperator-none tm-content-with-desc tm-heading-style-vertical \"><div class=\"tm-content-header\"><h2 class=\"tm-element-content-heading\">\n\t\t\t\tDescarga desde appstores\n\t\t\t<\/h2>\n\t\t<h3 class=\"tm-element-subhead\">\n\t\t\t\tDisponible en App Store y Google Play\n\t\t\t<\/h3>\n\t\t<\/div><div class=\"tm-element-content-desctxt\">Puedes descargar Best Local Guide tanto para tu smartphone Iphone IOS como para Android desde las plataformas de descarga App Store y Google Play. <\/div><\/div>\t\t\t\t<\/div>\n\t\t\t\t<\/div>\n\t\t\t\t\t<\/div>\n\t\t<\/div>\n\t\t\t\t<div class=\"elementor-column elementor-col-50 elementor-top-column elementor-element elementor-element-c210b70\" data-id=\"c210b70\" data-element_type=\"column\" data-e-type=\"column\">\n\t\t\t<div class=\"elementor-widget-wrap elementor-element-populated\">\n\t\t\t\t\t\t<div class=\"elementor-element elementor-element-bc25948 elementor-widget elementor-widget-image\" data-id=\"bc25948\" data-element_type=\"widget\" data-e-type=\"widget\" data-widget_type=\"image.default\">\n\t\t\t\t<div class=\"elementor-widget-container\">\n\t\t\t\t\t\t\t\t\t\t\t\t\t\t\t<img decoding=\"async\" src=\"https:\/\/bestlocalguide.app\/wp-content\/uploads\/elementor\/thumbs\/download-app-pxsy7ufj9o1nu187u9o0lhd5ewha8u3vz7munt1alo.jpg\" title=\"download Best local guide app\" alt=\"download Best local guide app\" loading=\"lazy\" \/>\t\t\t\t\t\t\t\t\t\t\t\t\t\t\t<\/div>\n\t\t\t\t<\/div>\n\t\t\t\t\t<\/div>\n\t\t<\/div>\n\t\t\t\t\t<\/div>\n\t\t<\/section>\n\t\t\t\t<section class=\"elementor-section elementor-top-section elementor-element elementor-element-49844a7 tm-column-break-ipad-no tm-col-stretched-none elementor-section-boxed elementor-section-height-default elementor-section-height-default\" data-id=\"49844a7\" data-element_type=\"section\" data-e-type=\"section\">\n\t\t\t\t\t\t<div class=\"elementor-container elementor-column-gap-default\">\n\t\t\t\t\t<div class=\"elementor-column elementor-col-50 elementor-top-column elementor-element elementor-element-571445b\" data-id=\"571445b\" data-element_type=\"column\" data-e-type=\"column\">\n\t\t\t<div class=\"elementor-widget-wrap elementor-element-populated\">\n\t\t\t\t\t\t<div class=\"elementor-element elementor-element-3529745 elementor-widget elementor-widget-image\" data-id=\"3529745\" data-element_type=\"widget\" data-e-type=\"widget\" data-widget_type=\"image.default\">\n\t\t\t\t<div class=\"elementor-widget-container\">\n\t\t\t\t\t\t\t\t\t\t\t\t\t\t\t<img decoding=\"async\" src=\"https:\/\/bestlocalguide.app\/wp-content\/uploads\/elementor\/thumbs\/select-tour-app-pxsxh3wsvbg1lc2bypm1o8954c9faryqyvln8gofl8.jpg\" title=\"Select your preferred tour\" alt=\"Select your preferred tour\" loading=\"lazy\" \/>\t\t\t\t\t\t\t\t\t\t\t\t\t\t\t<\/div>\n\t\t\t\t<\/div>\n\t\t\t\t\t<\/div>\n\t\t<\/div>\n\t\t\t\t<div class=\"elementor-column elementor-col-50 elementor-top-column elementor-element elementor-element-bb937fb\" data-id=\"bb937fb\" data-element_type=\"column\" data-e-type=\"column\">\n\t\t\t<div class=\"elementor-widget-wrap elementor-element-populated\">\n\t\t\t\t\t\t<div class=\"elementor-element elementor-element-010b4d1 tm-align-center elementor-widget elementor-widget-tm_heading\" data-id=\"010b4d1\" data-element_type=\"widget\" data-e-type=\"widget\" data-widget_type=\"tm_heading.default\">\n\t\t\t\t<div class=\"elementor-widget-container\">\n\t\t\t\t\t<div class=\"tm-element-heading-content-wrapper center-align  tm-seperator-none tm-content-with-desc tm-heading-style-vertical \"><div class=\"tm-content-header\"><h2 class=\"tm-element-content-heading\">\n\t\t\t\tCompra la excursi\u00f3n que m\u00e1s te guste \n\t\t\t<\/h2>\n\t\t<h3 class=\"tm-element-subhead\">\n\t\t\t\tEl pago es totalmente seguro\n\t\t\t<\/h3>\n\t\t<\/div><div class=\"tm-element-content-desctxt\">Con un par de clics puedes comprar el recorrido que quieras y en unos segundos lo tendr\u00e1s activo en la aplicaci\u00f3n.<\/div><\/div>\t\t\t\t<\/div>\n\t\t\t\t<\/div>\n\t\t\t\t\t<\/div>\n\t\t<\/div>\n\t\t\t\t\t<\/div>\n\t\t<\/section>\n\t\t\t\t<section class=\"elementor-section elementor-top-section elementor-element elementor-element-4ccf69b elementor-reverse-tablet elementor-reverse-mobile tm-column-break-ipad-no tm-col-stretched-none elementor-section-boxed elementor-section-height-default elementor-section-height-default\" data-id=\"4ccf69b\" data-element_type=\"section\" data-e-type=\"section\">\n\t\t\t\t\t\t<div class=\"elementor-container elementor-column-gap-default\">\n\t\t\t\t\t<div class=\"elementor-column elementor-col-50 elementor-top-column elementor-element elementor-element-716504b\" data-id=\"716504b\" data-element_type=\"column\" data-e-type=\"column\">\n\t\t\t<div class=\"elementor-widget-wrap elementor-element-populated\">\n\t\t\t\t\t\t<div class=\"elementor-element elementor-element-c1abfbf tm-align-center elementor-widget elementor-widget-tm_heading\" data-id=\"c1abfbf\" data-element_type=\"widget\" data-e-type=\"widget\" data-widget_type=\"tm_heading.default\">\n\t\t\t\t<div class=\"elementor-widget-container\">\n\t\t\t\t\t<div class=\"tm-element-heading-content-wrapper center-align  tm-seperator-none tm-content-with-desc tm-heading-style-vertical \"><div class=\"tm-content-header\"><h2 class=\"tm-element-content-heading\">\n\t\t\t\tComienza el tour\n\t\t\t<\/h2>\n\t\t<h3 class=\"tm-element-subhead\">\n\t\t\t\tEs muy sencillo\n\t\t\t<\/h3>\n\t\t<\/div><div class=\"tm-element-content-desctxt\">Haz clic en el bot\u00f3n Iniciar recorrido y podr\u00e1s empezar la experiencia, tanto si est\u00e1s en el destino como en casa.\nRecuerda que este contenido estar\u00e1 siempre disponible para ti.<\/div><\/div>\t\t\t\t<\/div>\n\t\t\t\t<\/div>\n\t\t\t\t\t<\/div>\n\t\t<\/div>\n\t\t\t\t<div class=\"elementor-column elementor-col-50 elementor-top-column elementor-element elementor-element-3ee51f1\" data-id=\"3ee51f1\" data-element_type=\"column\" data-e-type=\"column\">\n\t\t\t<div class=\"elementor-widget-wrap elementor-element-populated\">\n\t\t\t\t\t\t<div class=\"elementor-element elementor-element-22f41bb elementor-widget elementor-widget-image\" data-id=\"22f41bb\" data-element_type=\"widget\" data-e-type=\"widget\" data-widget_type=\"image.default\">\n\t\t\t\t<div class=\"elementor-widget-container\">\n\t\t\t\t\t\t\t\t\t\t\t\t\t\t\t<img decoding=\"async\" src=\"https:\/\/bestlocalguide.app\/wp-content\/uploads\/elementor\/thumbs\/start-tour-pxsxozs27a8mzklzx4bdl8mcipe9vd9opwma60zje4.jpg\" title=\"Start Best local guide tour\" alt=\"Start Best local guide tour\" loading=\"lazy\" \/>\t\t\t\t\t\t\t\t\t\t\t\t\t\t\t<\/div>\n\t\t\t\t<\/div>\n\t\t\t\t\t<\/div>\n\t\t<\/div>\n\t\t\t\t\t<\/div>\n\t\t<\/section>\n\t\t\t\t<section class=\"elementor-section elementor-top-section elementor-element elementor-element-7abe7a7 tm-column-break-ipad-no tm-col-stretched-none elementor-section-boxed elementor-section-height-default elementor-section-height-default\" data-id=\"7abe7a7\" data-element_type=\"section\" data-e-type=\"section\">\n\t\t\t\t\t\t<div class=\"elementor-container elementor-column-gap-default\">\n\t\t\t\t\t<div class=\"elementor-column elementor-col-50 elementor-top-column elementor-element elementor-element-9702086\" data-id=\"9702086\" data-element_type=\"column\" data-e-type=\"column\">\n\t\t\t<div class=\"elementor-widget-wrap elementor-element-populated\">\n\t\t\t\t\t\t<div class=\"elementor-element elementor-element-b554d6b elementor-widget elementor-widget-image\" data-id=\"b554d6b\" data-element_type=\"widget\" data-e-type=\"widget\" data-widget_type=\"image.default\">\n\t\t\t\t<div class=\"elementor-widget-container\">\n\t\t\t\t\t\t\t\t\t\t\t\t\t\t\t<img decoding=\"async\" src=\"https:\/\/bestlocalguide.app\/wp-content\/uploads\/elementor\/thumbs\/gps-pxsym4l941li8qhdfxwxzdmaco3279t29whg65uy24.jpg\" title=\"gps\" alt=\"gps\" loading=\"lazy\" \/>\t\t\t\t\t\t\t\t\t\t\t\t\t\t\t<\/div>\n\t\t\t\t<\/div>\n\t\t\t\t\t<\/div>\n\t\t<\/div>\n\t\t\t\t<div class=\"elementor-column elementor-col-50 elementor-top-column elementor-element elementor-element-8f1ec35\" data-id=\"8f1ec35\" data-element_type=\"column\" data-e-type=\"column\">\n\t\t\t<div class=\"elementor-widget-wrap elementor-element-populated\">\n\t\t\t\t\t\t<div class=\"elementor-element elementor-element-a3e6353 tm-align-center elementor-widget elementor-widget-tm_heading\" data-id=\"a3e6353\" data-element_type=\"widget\" data-e-type=\"widget\" data-widget_type=\"tm_heading.default\">\n\t\t\t\t<div class=\"elementor-widget-container\">\n\t\t\t\t\t<div class=\"tm-element-heading-content-wrapper center-align  tm-seperator-none tm-content-with-desc tm-heading-style-vertical \"><div class=\"tm-content-header\"><h2 class=\"tm-element-content-heading\">\n\t\t\t\tSistema GPS \n\t\t\t<\/h2>\n\t\t<h3 class=\"tm-element-subhead\">\n\t\t\t\tFunciona sin internet\n\t\t\t<\/h3>\n\t\t<\/div><div class=\"tm-element-content-desctxt\">Best Local Guide funciona de forma offline, por lo que no necesitas una conexi\u00f3n a Internet una vez que hayas descargado el recorrido.\nEsto es posible gracias a la tecnolog\u00eda GPS de tu smartphone.<\/div><\/div>\t\t\t\t<\/div>\n\t\t\t\t<\/div>\n\t\t\t\t\t<\/div>\n\t\t<\/div>\n\t\t\t\t\t<\/div>\n\t\t<\/section>\n\t\t\t\t<section class=\"elementor-section elementor-top-section elementor-element elementor-element-c68a040 elementor-reverse-tablet elementor-reverse-mobile tm-column-break-ipad-no tm-col-stretched-none elementor-section-boxed elementor-section-height-default elementor-section-height-default\" data-id=\"c68a040\" data-element_type=\"section\" data-e-type=\"section\">\n\t\t\t\t\t\t<div class=\"elementor-container elementor-column-gap-default\">\n\t\t\t\t\t<div class=\"elementor-column elementor-col-50 elementor-top-column elementor-element elementor-element-af9be81\" data-id=\"af9be81\" data-element_type=\"column\" data-e-type=\"column\">\n\t\t\t<div class=\"elementor-widget-wrap elementor-element-populated\">\n\t\t\t\t\t\t<div class=\"elementor-element elementor-element-17fbe4f tm-align-center elementor-widget elementor-widget-tm_heading\" data-id=\"17fbe4f\" data-element_type=\"widget\" data-e-type=\"widget\" data-widget_type=\"tm_heading.default\">\n\t\t\t\t<div class=\"elementor-widget-container\">\n\t\t\t\t\t<div class=\"tm-element-heading-content-wrapper center-align  tm-seperator-none tm-content-with-desc tm-heading-style-vertical \"><div class=\"tm-content-header\"><h2 class=\"tm-element-content-heading\">\n\t\t\t\tGeolocalizaci\u00f3n activada\n\t\t\t<\/h2>\n\t\t<h3 class=\"tm-element-subhead\">\n\t\t\t\tBest Local Guide sabr\u00e1 d\u00f3nde est\u00e1s\n\t\t\t<\/h3>\n\t\t<\/div><div class=\"tm-element-content-desctxt\">No tienes que preocuparte de buscar puntos de inter\u00e9s en la aplicaci\u00f3n, ya que cuando est\u00e9s cerca de uno de ellos, su audio saltar\u00e1 autom\u00e1ticamente.<\/div><\/div>\t\t\t\t<\/div>\n\t\t\t\t<\/div>\n\t\t\t\t\t<\/div>\n\t\t<\/div>\n\t\t\t\t<div class=\"elementor-column elementor-col-50 elementor-top-column elementor-element elementor-element-074cc17\" data-id=\"074cc17\" data-element_type=\"column\" data-e-type=\"column\">\n\t\t\t<div class=\"elementor-widget-wrap elementor-element-populated\">\n\t\t\t\t\t\t<div class=\"elementor-element elementor-element-20fb6e6 elementor-widget elementor-widget-image\" data-id=\"20fb6e6\" data-element_type=\"widget\" data-e-type=\"widget\" data-widget_type=\"image.default\">\n\t\t\t\t<div class=\"elementor-widget-container\">\n\t\t\t\t\t\t\t\t\t\t\t\t\t\t\t<img decoding=\"async\" src=\"https:\/\/bestlocalguide.app\/wp-content\/uploads\/elementor\/thumbs\/gelocation-app-pxt12m4ahkq977y7qovl7jrfjhxzti3e3vdzkwnqb0.jpg\" title=\"app gelocation\" alt=\"app gelocation\" loading=\"lazy\" \/>\t\t\t\t\t\t\t\t\t\t\t\t\t\t\t<\/div>\n\t\t\t\t<\/div>\n\t\t\t\t\t<\/div>\n\t\t<\/div>\n\t\t\t\t\t<\/div>\n\t\t<\/section>\n\t\t\t\t<section class=\"elementor-section elementor-top-section elementor-element elementor-element-cf95ce3 tm-column-break-ipad-no tm-col-stretched-none elementor-section-boxed elementor-section-height-default elementor-section-height-default\" data-id=\"cf95ce3\" data-element_type=\"section\" data-e-type=\"section\">\n\t\t\t\t\t\t<div class=\"elementor-container elementor-column-gap-default\">\n\t\t\t\t\t<div class=\"elementor-column elementor-col-50 elementor-top-column elementor-element elementor-element-a9f5202\" data-id=\"a9f5202\" data-element_type=\"column\" data-e-type=\"column\">\n\t\t\t<div class=\"elementor-widget-wrap elementor-element-populated\">\n\t\t\t\t\t\t<div class=\"elementor-element elementor-element-c8dbf55 elementor-widget elementor-widget-image\" data-id=\"c8dbf55\" data-element_type=\"widget\" data-e-type=\"widget\" data-widget_type=\"image.default\">\n\t\t\t\t<div class=\"elementor-widget-container\">\n\t\t\t\t\t\t\t\t\t\t\t\t\t\t\t<img decoding=\"async\" src=\"https:\/\/bestlocalguide.app\/wp-content\/uploads\/elementor\/thumbs\/route-map-pxsxv4o4tcn0rxp539spd6vo495j48mlw9xdy1w0rw.jpg\" title=\"Route map\" alt=\"Route map\" loading=\"lazy\" \/>\t\t\t\t\t\t\t\t\t\t\t\t\t\t\t<\/div>\n\t\t\t\t<\/div>\n\t\t\t\t\t<\/div>\n\t\t<\/div>\n\t\t\t\t<div class=\"elementor-column elementor-col-50 elementor-top-column elementor-element elementor-element-fc4e973\" data-id=\"fc4e973\" data-element_type=\"column\" data-e-type=\"column\">\n\t\t\t<div class=\"elementor-widget-wrap elementor-element-populated\">\n\t\t\t\t\t\t<div class=\"elementor-element elementor-element-522bb4c tm-align-center elementor-widget elementor-widget-tm_heading\" data-id=\"522bb4c\" data-element_type=\"widget\" data-e-type=\"widget\" data-widget_type=\"tm_heading.default\">\n\t\t\t\t<div class=\"elementor-widget-container\">\n\t\t\t\t\t<div class=\"tm-element-heading-content-wrapper center-align  tm-seperator-none tm-content-with-desc tm-heading-style-vertical \"><div class=\"tm-content-header\"><h2 class=\"tm-element-content-heading\">\n\t\t\t\tMapa con la ruta\n\t\t\t<\/h2>\n\t\t<h3 class=\"tm-element-subhead\">\n\t\t\t\tRutas muy optimizadas\n\t\t\t<\/h3>\n\t\t<\/div><div class=\"tm-element-content-desctxt\">Puedes hacer la ruta como quieras, empezar en el punto de inter\u00e9s que te parezca, saltar a otro diferente, pero tambi\u00e9n puedes seguir nuestros consejos.\nHemos estudiado muy bien las rutas para que puedas hacer el recorrido en el menor tiempo posible y para que conozcas y disfrutes al m\u00e1ximo de la excursi\u00f3n.<\/div><\/div>\t\t\t\t<\/div>\n\t\t\t\t<\/div>\n\t\t\t\t\t<\/div>\n\t\t<\/div>\n\t\t\t\t\t<\/div>\n\t\t<\/section>\n\t\t\t\t<section class=\"elementor-section elementor-top-section elementor-element elementor-element-f9c13e2 elementor-reverse-tablet elementor-reverse-mobile tm-column-break-ipad-no tm-col-stretched-none elementor-section-boxed elementor-section-height-default elementor-section-height-default\" data-id=\"f9c13e2\" data-element_type=\"section\" data-e-type=\"section\">\n\t\t\t\t\t\t<div class=\"elementor-container elementor-column-gap-default\">\n\t\t\t\t\t<div class=\"elementor-column elementor-col-50 elementor-top-column elementor-element elementor-element-28c0013\" data-id=\"28c0013\" data-element_type=\"column\" data-e-type=\"column\">\n\t\t\t<div class=\"elementor-widget-wrap elementor-element-populated\">\n\t\t\t\t\t\t<div class=\"elementor-element elementor-element-9901549 tm-align-center elementor-widget elementor-widget-tm_heading\" data-id=\"9901549\" data-element_type=\"widget\" data-e-type=\"widget\" data-widget_type=\"tm_heading.default\">\n\t\t\t\t<div class=\"elementor-widget-container\">\n\t\t\t\t\t<div class=\"tm-element-heading-content-wrapper center-align  tm-seperator-none tm-content-with-desc tm-heading-style-vertical \"><div class=\"tm-content-header\"><h2 class=\"tm-element-content-heading\">\n\t\t\t\tAudio, fotos y textos\n\t\t\t<\/h2>\n\t\t<h3 class=\"tm-element-subhead\">\n\t\t\t\tMuchos detalles\n\t\t\t<\/h3>\n\t\t<\/div><div class=\"tm-element-content-desctxt\">Adem\u00e1s de escuchar la narraci\u00f3n que hemos preparado para ti cuando llegues al punto de inter\u00e9s, puedes leer nuestros comentarios y ver fotos m\u00e1s detalladas en la app.<\/div><\/div>\t\t\t\t<\/div>\n\t\t\t\t<\/div>\n\t\t\t\t\t<\/div>\n\t\t<\/div>\n\t\t\t\t<div class=\"elementor-column elementor-col-50 elementor-top-column elementor-element elementor-element-0834677\" data-id=\"0834677\" data-element_type=\"column\" data-e-type=\"column\">\n\t\t\t<div class=\"elementor-widget-wrap elementor-element-populated\">\n\t\t\t\t\t\t<div class=\"elementor-element elementor-element-b820c05 elementor-widget elementor-widget-image\" data-id=\"b820c05\" data-element_type=\"widget\" data-e-type=\"widget\" data-widget_type=\"image.default\">\n\t\t\t\t<div class=\"elementor-widget-container\">\n\t\t\t\t\t\t\t\t\t\t\t\t\t\t\t<img decoding=\"async\" src=\"https:\/\/bestlocalguide.app\/wp-content\/uploads\/elementor\/thumbs\/tour-details-pxsy121hwqr3zf37hc10l71aypxunj5odm0lvv3njg.jpg\" title=\"tour details\" alt=\"tour details\" loading=\"lazy\" \/>\t\t\t\t\t\t\t\t\t\t\t\t\t\t\t<\/div>\n\t\t\t\t<\/div>\n\t\t\t\t\t<\/div>\n\t\t<\/div>\n\t\t\t\t\t<\/div>\n\t\t<\/section>\n\t\t\t\t<\/div>\n\t\t","protected":false},"excerpt":{"rendered":"<p>C\u00f3mo se usa la app Best local guide Es muy intuitiva Nuestra aplicaci\u00f3n de audiogu\u00eda es muy f\u00e1cil de usar, con un funcionamiento muy intuitivo para facilitarte las cosas. S\u00f3lo tienes que descarg\u00e1rtela desde tu appstore, comprar el recorrido que elijas y empezar a disfrutarlo. Elige tu destino Por ejemplo, Irlanda Lo primero que debes &hellip; <a href=\"https:\/\/bestlocalguide.app\/es\/como-funciona\/\" class=\"more-link\">Continue reading <span class=\"screen-reader-text\">C\u00f3mo funciona nuestra app Best Local Guide<\/span><\/a><\/p>\n","protected":false},"author":1,"featured_media":0,"parent":0,"menu_order":3,"comment_status":"closed","ping_status":"closed","template":"","meta":{"footnotes":""},"class_list":["post-7567","page","type-page","status-publish","hentry"],"_links":{"self":[{"href":"https:\/\/bestlocalguide.app\/es\/wp-json\/wp\/v2\/pages\/7567","targetHints":{"allow":["GET"]}}],"collection":[{"href":"https:\/\/bestlocalguide.app\/es\/wp-json\/wp\/v2\/pages"}],"about":[{"href":"https:\/\/bestlocalguide.app\/es\/wp-json\/wp\/v2\/types\/page"}],"author":[{"embeddable":true,"href":"https:\/\/bestlocalguide.app\/es\/wp-json\/wp\/v2\/users\/1"}],"replies":[{"embeddable":true,"href":"https:\/\/bestlocalguide.app\/es\/wp-json\/wp\/v2\/comments?post=7567"}],"version-history":[{"count":37,"href":"https:\/\/bestlocalguide.app\/es\/wp-json\/wp\/v2\/pages\/7567\/revisions"}],"predecessor-version":[{"id":7843,"href":"https:\/\/bestlocalguide.app\/es\/wp-json\/wp\/v2\/pages\/7567\/revisions\/7843"}],"wp:attachment":[{"href":"https:\/\/bestlocalguide.app\/es\/wp-json\/wp\/v2\/media?parent=7567"}],"curies":[{"name":"wp","href":"https:\/\/api.w.org\/{rel}","templated":true}]}}